{"id":3731,"date":"2023-07-31T11:20:05","date_gmt":"2023-07-31T09:20:05","guid":{"rendered":"https:\/\/torrerinalda.it\/unterkuenfte-vergleichen\/"},"modified":"2024-11-11T10:56:02","modified_gmt":"2024-11-11T09:56:02","slug":"unterkuenfte-vergleichen","status":"publish","type":"page","link":"https:\/\/torrerinalda.it\/de\/unterkuenfte-vergleichen\/","title":{"rendered":"Unterk\u00fcnfte vergleichen"},"content":{"rendered":"<p>* &#8222;Strandservice&#8220; bedeutet einen Sonnenschirm und zwei Liegen in der zweiten Reihe.<br \/>\n** W\u00e4hrend der Hauptverkehrszeiten kann es zu vor\u00fcbergehenden Unterbrechungen oder Ausf\u00e4llen kommen. Au\u00dferdem kann die Vegetation in einigen Bereichen der Anlage den perfekten Empfang des Signals behindern.<\/p>\n","protected":false},"excerpt":{"rendered":"<p>* &#8222;Strandservice&#8220; bedeutet einen Sonnenschirm und zwei Liegen in der zweiten Reihe. ** W\u00e4hrend der Hauptverkehrszeiten kann es zu vor\u00fcbergehenden Unterbrechungen oder Ausf\u00e4llen kommen. Au\u00dferdem kann die Vegetation in einigen Bereichen der Anlage den perfekten Empfang des Signals behindern.<\/p>\n","protected":false},"author":4,"featured_media":1434,"parent":0,"menu_order":0,"comment_status":"closed","ping_status":"closed","template":"template-compare.php","meta":{"_acf_changed":false,"inline_featured_image":false,"footnotes":""},"class_list":["post-3731","page","type-page","status-publish","has-post-thumbnail","hentry"],"acf":[],"yoast_head":"<!-- This site is optimized with the Yoast SEO plugin v26.3 - https:\/\/yoast.com\/wordpress\/plugins\/seo\/ -->\n<title>Unterk\u00fcnfte vergleichen &#8226; Torre Rinalda Beach Camping &amp; Resort<\/title>\n<meta name=\"description\" content=\"Vergleichen Sie alle unsere Unterk\u00fcnfte, umgeben von unber\u00fchrter Natur direkt am kristallklaren Meer des Salento, nur wenige Kilometer von Lecce entfernt.\" \/>\n<meta name=\"robots\" content=\"index, follow, max-snippet:-1, max-image-preview:large, max-video-preview:-1\" \/>\n<link rel=\"canonical\" href=\"https:\/\/torrerinalda.it\/de\/unterkuenfte-vergleichen\/\" \/>\n<meta property=\"og:locale\" content=\"de_DE\" \/>\n<meta property=\"og:type\" content=\"article\" \/>\n<meta property=\"og:title\" content=\"Unterk\u00fcnfte vergleichen &#8226; Torre Rinalda Beach Camping &amp; Resort\" \/>\n<meta property=\"og:description\" content=\"Vergleichen Sie alle unsere Unterk\u00fcnfte, umgeben von unber\u00fchrter Natur direkt am kristallklaren Meer des Salento, nur wenige Kilometer von Lecce entfernt.\" \/>\n<meta property=\"og:url\" content=\"https:\/\/torrerinalda.it\/de\/unterkuenfte-vergleichen\/\" \/>\n<meta property=\"og:site_name\" content=\"Torre Rinalda Beach Camping &amp; Resort\" \/>\n<meta property=\"article:publisher\" content=\"https:\/\/www.facebook.com\/TorreRinaldaCamping\" \/>\n<meta property=\"article:modified_time\" content=\"2024-11-11T09:56:02+00:00\" \/>\n<meta property=\"og:image\" content=\"https:\/\/torrerinalda.it\/wp-content\/uploads\/2023\/09\/MAYA-1SD-681x1024.jpg\" \/>\n\t<meta property=\"og:image:width\" content=\"681\" \/>\n\t<meta property=\"og:image:height\" content=\"1024\" \/>\n\t<meta property=\"og:image:type\" content=\"image\/jpeg\" \/>\n<meta name=\"twitter:card\" content=\"summary_large_image\" \/>\n<meta name=\"twitter:label1\" content=\"Gesch\u00e4tzte Lesezeit\" \/>\n\t<meta name=\"twitter:data1\" content=\"1\u00a0Minute\" \/>\n<script type=\"application\/ld+json\" class=\"yoast-schema-graph\">{\"@context\":\"https:\/\/schema.org\",\"@graph\":[{\"@type\":\"WebPage\",\"@id\":\"https:\/\/torrerinalda.it\/de\/unterkuenfte-vergleichen\/\",\"url\":\"https:\/\/torrerinalda.it\/de\/unterkuenfte-vergleichen\/\",\"name\":\"Unterk\u00fcnfte vergleichen &#8226; Torre Rinalda Beach Camping &amp; Resort\",\"isPartOf\":{\"@id\":\"https:\/\/torrerinalda.it\/#website\"},\"primaryImageOfPage\":{\"@id\":\"https:\/\/torrerinalda.it\/de\/unterkuenfte-vergleichen\/#primaryimage\"},\"image\":{\"@id\":\"https:\/\/torrerinalda.it\/de\/unterkuenfte-vergleichen\/#primaryimage\"},\"thumbnailUrl\":\"https:\/\/torrerinalda.it\/wp-content\/uploads\/2023\/09\/MAYA-1SD.jpg\",\"datePublished\":\"2023-07-31T09:20:05+00:00\",\"dateModified\":\"2024-11-11T09:56:02+00:00\",\"description\":\"Vergleichen Sie alle unsere Unterk\u00fcnfte, umgeben von unber\u00fchrter Natur direkt am kristallklaren Meer des Salento, nur wenige Kilometer von Lecce entfernt.\",\"breadcrumb\":{\"@id\":\"https:\/\/torrerinalda.it\/de\/unterkuenfte-vergleichen\/#breadcrumb\"},\"inLanguage\":\"de\",\"potentialAction\":[{\"@type\":\"ReadAction\",\"target\":[\"https:\/\/torrerinalda.it\/de\/unterkuenfte-vergleichen\/\"]}]},{\"@type\":\"ImageObject\",\"inLanguage\":\"de\",\"@id\":\"https:\/\/torrerinalda.it\/de\/unterkuenfte-vergleichen\/#primaryimage\",\"url\":\"https:\/\/torrerinalda.it\/wp-content\/uploads\/2023\/09\/MAYA-1SD.jpg\",\"contentUrl\":\"https:\/\/torrerinalda.it\/wp-content\/uploads\/2023\/09\/MAYA-1SD.jpg\",\"width\":1680,\"height\":2525,\"caption\":\"Details\"},{\"@type\":\"BreadcrumbList\",\"@id\":\"https:\/\/torrerinalda.it\/de\/unterkuenfte-vergleichen\/#breadcrumb\",\"itemListElement\":[{\"@type\":\"ListItem\",\"position\":1,\"name\":\"Home\",\"item\":\"https:\/\/torrerinalda.it\/de\/\"},{\"@type\":\"ListItem\",\"position\":2,\"name\":\"Unterk\u00fcnfte vergleichen\"}]},{\"@type\":\"WebSite\",\"@id\":\"https:\/\/torrerinalda.it\/#website\",\"url\":\"https:\/\/torrerinalda.it\/\",\"name\":\"Torre Rinalda Beach Camping & Resort\",\"description\":\"\",\"publisher\":{\"@id\":\"https:\/\/torrerinalda.it\/#organization\"},\"potentialAction\":[{\"@type\":\"SearchAction\",\"target\":{\"@type\":\"EntryPoint\",\"urlTemplate\":\"https:\/\/torrerinalda.it\/?s={search_term_string}\"},\"query-input\":{\"@type\":\"PropertyValueSpecification\",\"valueRequired\":true,\"valueName\":\"search_term_string\"}}],\"inLanguage\":\"de\"},{\"@type\":\"Organization\",\"@id\":\"https:\/\/torrerinalda.it\/#organization\",\"name\":\"Torre Rinalda Beach Camping & Resort\",\"url\":\"https:\/\/torrerinalda.it\/\",\"logo\":{\"@type\":\"ImageObject\",\"inLanguage\":\"de\",\"@id\":\"https:\/\/torrerinalda.it\/#\/schema\/logo\/image\/\",\"url\":\"https:\/\/torrerinalda.it\/wp-content\/uploads\/2023\/06\/torre-rinalda.svg\",\"contentUrl\":\"https:\/\/torrerinalda.it\/wp-content\/uploads\/2023\/06\/torre-rinalda.svg\",\"caption\":\"Torre Rinalda Beach Camping & Resort\"},\"image\":{\"@id\":\"https:\/\/torrerinalda.it\/#\/schema\/logo\/image\/\"},\"sameAs\":[\"https:\/\/www.facebook.com\/TorreRinaldaCamping\",\"https:\/\/www.instagram.com\/torrerinalda\/?hl=it\"]}]}<\/script>\n<!-- \/ Yoast SEO plugin. -->","yoast_head_json":{"title":"Unterk\u00fcnfte vergleichen &#8226; Torre Rinalda Beach Camping &amp; Resort","description":"Vergleichen Sie alle unsere Unterk\u00fcnfte, umgeben von unber\u00fchrter Natur direkt am kristallklaren Meer des Salento, nur wenige Kilometer von Lecce entfernt.","robots":{"index":"index","follow":"follow","max-snippet":"max-snippet:-1","max-image-preview":"max-image-preview:large","max-video-preview":"max-video-preview:-1"},"canonical":"https:\/\/torrerinalda.it\/de\/unterkuenfte-vergleichen\/","og_locale":"de_DE","og_type":"article","og_title":"Unterk\u00fcnfte vergleichen &#8226; Torre Rinalda Beach Camping &amp; Resort","og_description":"Vergleichen Sie alle unsere Unterk\u00fcnfte, umgeben von unber\u00fchrter Natur direkt am kristallklaren Meer des Salento, nur wenige Kilometer von Lecce entfernt.","og_url":"https:\/\/torrerinalda.it\/de\/unterkuenfte-vergleichen\/","og_site_name":"Torre Rinalda Beach Camping &amp; Resort","article_publisher":"https:\/\/www.facebook.com\/TorreRinaldaCamping","article_modified_time":"2024-11-11T09:56:02+00:00","og_image":[{"width":681,"height":1024,"url":"https:\/\/torrerinalda.it\/wp-content\/uploads\/2023\/09\/MAYA-1SD-681x1024.jpg","type":"image\/jpeg"}],"twitter_card":"summary_large_image","twitter_misc":{"Gesch\u00e4tzte Lesezeit":"1\u00a0Minute"},"schema":{"@context":"https:\/\/schema.org","@graph":[{"@type":"WebPage","@id":"https:\/\/torrerinalda.it\/de\/unterkuenfte-vergleichen\/","url":"https:\/\/torrerinalda.it\/de\/unterkuenfte-vergleichen\/","name":"Unterk\u00fcnfte vergleichen &#8226; Torre Rinalda Beach Camping &amp; Resort","isPartOf":{"@id":"https:\/\/torrerinalda.it\/#website"},"primaryImageOfPage":{"@id":"https:\/\/torrerinalda.it\/de\/unterkuenfte-vergleichen\/#primaryimage"},"image":{"@id":"https:\/\/torrerinalda.it\/de\/unterkuenfte-vergleichen\/#primaryimage"},"thumbnailUrl":"https:\/\/torrerinalda.it\/wp-content\/uploads\/2023\/09\/MAYA-1SD.jpg","datePublished":"2023-07-31T09:20:05+00:00","dateModified":"2024-11-11T09:56:02+00:00","description":"Vergleichen Sie alle unsere Unterk\u00fcnfte, umgeben von unber\u00fchrter Natur direkt am kristallklaren Meer des Salento, nur wenige Kilometer von Lecce entfernt.","breadcrumb":{"@id":"https:\/\/torrerinalda.it\/de\/unterkuenfte-vergleichen\/#breadcrumb"},"inLanguage":"de","potentialAction":[{"@type":"ReadAction","target":["https:\/\/torrerinalda.it\/de\/unterkuenfte-vergleichen\/"]}]},{"@type":"ImageObject","inLanguage":"de","@id":"https:\/\/torrerinalda.it\/de\/unterkuenfte-vergleichen\/#primaryimage","url":"https:\/\/torrerinalda.it\/wp-content\/uploads\/2023\/09\/MAYA-1SD.jpg","contentUrl":"https:\/\/torrerinalda.it\/wp-content\/uploads\/2023\/09\/MAYA-1SD.jpg","width":1680,"height":2525,"caption":"Details"},{"@type":"BreadcrumbList","@id":"https:\/\/torrerinalda.it\/de\/unterkuenfte-vergleichen\/#breadcrumb","itemListElement":[{"@type":"ListItem","position":1,"name":"Home","item":"https:\/\/torrerinalda.it\/de\/"},{"@type":"ListItem","position":2,"name":"Unterk\u00fcnfte vergleichen"}]},{"@type":"WebSite","@id":"https:\/\/torrerinalda.it\/#website","url":"https:\/\/torrerinalda.it\/","name":"Torre Rinalda Beach Camping & Resort","description":"","publisher":{"@id":"https:\/\/torrerinalda.it\/#organization"},"potentialAction":[{"@type":"SearchAction","target":{"@type":"EntryPoint","urlTemplate":"https:\/\/torrerinalda.it\/?s={search_term_string}"},"query-input":{"@type":"PropertyValueSpecification","valueRequired":true,"valueName":"search_term_string"}}],"inLanguage":"de"},{"@type":"Organization","@id":"https:\/\/torrerinalda.it\/#organization","name":"Torre Rinalda Beach Camping & Resort","url":"https:\/\/torrerinalda.it\/","logo":{"@type":"ImageObject","inLanguage":"de","@id":"https:\/\/torrerinalda.it\/#\/schema\/logo\/image\/","url":"https:\/\/torrerinalda.it\/wp-content\/uploads\/2023\/06\/torre-rinalda.svg","contentUrl":"https:\/\/torrerinalda.it\/wp-content\/uploads\/2023\/06\/torre-rinalda.svg","caption":"Torre Rinalda Beach Camping & Resort"},"image":{"@id":"https:\/\/torrerinalda.it\/#\/schema\/logo\/image\/"},"sameAs":["https:\/\/www.facebook.com\/TorreRinaldaCamping","https:\/\/www.instagram.com\/torrerinalda\/?hl=it"]}]}},"_links":{"self":[{"href":"https:\/\/torrerinalda.it\/de\/wp-json\/wp\/v2\/pages\/3731","targetHints":{"allow":["GET"]}}],"collection":[{"href":"https:\/\/torrerinalda.it\/de\/wp-json\/wp\/v2\/pages"}],"about":[{"href":"https:\/\/torrerinalda.it\/de\/wp-json\/wp\/v2\/types\/page"}],"author":[{"embeddable":true,"href":"https:\/\/torrerinalda.it\/de\/wp-json\/wp\/v2\/users\/4"}],"replies":[{"embeddable":true,"href":"https:\/\/torrerinalda.it\/de\/wp-json\/wp\/v2\/comments?post=3731"}],"version-history":[{"count":5,"href":"https:\/\/torrerinalda.it\/de\/wp-json\/wp\/v2\/pages\/3731\/revisions"}],"predecessor-version":[{"id":5230,"href":"https:\/\/torrerinalda.it\/de\/wp-json\/wp\/v2\/pages\/3731\/revisions\/5230"}],"wp:featuredmedia":[{"embeddable":true,"href":"https:\/\/torrerinalda.it\/de\/wp-json\/wp\/v2\/media\/1434"}],"wp:attachment":[{"href":"https:\/\/torrerinalda.it\/de\/wp-json\/wp\/v2\/media?parent=3731"}],"curies":[{"name":"wp","href":"https:\/\/api.w.org\/{rel}","templated":true}]}}