{"id":2677,"date":"2023-06-20T10:30:37","date_gmt":"2023-06-20T08:30:37","guid":{"rendered":"https:\/\/torrerinalda.it\/pool\/"},"modified":"2023-12-11T16:16:10","modified_gmt":"2023-12-11T15:16:10","slug":"pool","status":"publish","type":"page","link":"https:\/\/torrerinalda.it\/de\/dienstleistungen\/pool\/","title":{"rendered":"Pool"},"content":{"rendered":"","protected":false},"excerpt":{"rendered":"<p>Von oben betrachtet \u00e4hnelt die Form der Becken einem Herz. Mit einer Wasserfl\u00e4che von 1.200 m\u00b2 ist der Badepark Torre Rinalda eines der gr\u00f6\u00dften und eindrucksvollsten Wasserparadiese der Region.<\/p>\n","protected":false},"author":1,"featured_media":2309,"parent":3858,"menu_order":0,"comment_status":"closed","ping_status":"closed","template":"template-modulare.php","meta":{"_acf_changed":false,"inline_featured_image":false,"footnotes":""},"class_list":["post-2677","page","type-page","status-publish","has-post-thumbnail","hentry"],"acf":[],"yoast_head":"<!-- This site is optimized with the Yoast SEO plugin v26.3 - https:\/\/yoast.com\/wordpress\/plugins\/seo\/ -->\n<title>Pool \u2022 Familienresort \u2022 Salento \u2022 Lecce &#8226; Torre Rinalda Beach Camping &amp; Resort<\/title>\n<meta name=\"description\" content=\"Campingdorf am Meer im Salento, mit zwei Schwimmb\u00e4dern, darunter eines f\u00fcr Kinder, mit einem gro\u00dfen Solarium. F\u00fcr diejenigen, die sich entspannen m\u00f6chten, stehen am Pool Sonnenschirme, Pavillons und Liegen zur Verf\u00fcgung.\" \/>\n<meta name=\"robots\" content=\"index, follow, max-snippet:-1, max-image-preview:large, max-video-preview:-1\" \/>\n<link rel=\"canonical\" href=\"https:\/\/torrerinalda.it\/de\/dienstleistungen\/pool\/\" \/>\n<meta property=\"og:locale\" content=\"de_DE\" \/>\n<meta property=\"og:type\" content=\"article\" \/>\n<meta property=\"og:title\" content=\"Pool \u2022 Familienresort \u2022 Salento \u2022 Lecce &#8226; Torre Rinalda Beach Camping &amp; Resort\" \/>\n<meta property=\"og:description\" content=\"Campingdorf am Meer im Salento, mit zwei Schwimmb\u00e4dern, darunter eines f\u00fcr Kinder, mit einem gro\u00dfen Solarium. F\u00fcr diejenigen, die sich entspannen m\u00f6chten, stehen am Pool Sonnenschirme, Pavillons und Liegen zur Verf\u00fcgung.\" \/>\n<meta property=\"og:url\" content=\"https:\/\/torrerinalda.it\/de\/dienstleistungen\/pool\/\" \/>\n<meta property=\"og:site_name\" content=\"Torre Rinalda Beach Camping &amp; Resort\" \/>\n<meta property=\"article:publisher\" content=\"https:\/\/www.facebook.com\/TorreRinaldaCamping\" \/>\n<meta property=\"article:modified_time\" content=\"2023-12-11T15:16:10+00:00\" \/>\n<meta property=\"og:image\" content=\"https:\/\/torrerinalda.it\/wp-content\/uploads\/2023\/09\/PISCINE-16SD-681x1024.jpg\" \/>\n\t<meta property=\"og:image:width\" content=\"681\" \/>\n\t<meta property=\"og:image:height\" content=\"1024\" \/>\n\t<meta property=\"og:image:type\" content=\"image\/jpeg\" \/>\n<meta name=\"twitter:card\" content=\"summary_large_image\" \/>\n<script type=\"application\/ld+json\" class=\"yoast-schema-graph\">{\"@context\":\"https:\/\/schema.org\",\"@graph\":[{\"@type\":\"WebPage\",\"@id\":\"https:\/\/torrerinalda.it\/de\/dienstleistungen\/pool\/\",\"url\":\"https:\/\/torrerinalda.it\/de\/dienstleistungen\/pool\/\",\"name\":\"Pool \u2022 Familienresort \u2022 Salento \u2022 Lecce &#8226; Torre Rinalda Beach Camping &amp; Resort\",\"isPartOf\":{\"@id\":\"https:\/\/torrerinalda.it\/#website\"},\"primaryImageOfPage\":{\"@id\":\"https:\/\/torrerinalda.it\/de\/dienstleistungen\/pool\/#primaryimage\"},\"image\":{\"@id\":\"https:\/\/torrerinalda.it\/de\/dienstleistungen\/pool\/#primaryimage\"},\"thumbnailUrl\":\"https:\/\/torrerinalda.it\/wp-content\/uploads\/2023\/09\/PISCINE-16SD-e1695141850313.jpg\",\"datePublished\":\"2023-06-20T08:30:37+00:00\",\"dateModified\":\"2023-12-11T15:16:10+00:00\",\"description\":\"Campingdorf am Meer im Salento, mit zwei Schwimmb\u00e4dern, darunter eines f\u00fcr Kinder, mit einem gro\u00dfen Solarium. F\u00fcr diejenigen, die sich entspannen m\u00f6chten, stehen am Pool Sonnenschirme, Pavillons und Liegen zur Verf\u00fcgung.\",\"breadcrumb\":{\"@id\":\"https:\/\/torrerinalda.it\/de\/dienstleistungen\/pool\/#breadcrumb\"},\"inLanguage\":\"de\",\"potentialAction\":[{\"@type\":\"ReadAction\",\"target\":[\"https:\/\/torrerinalda.it\/de\/dienstleistungen\/pool\/\"]}]},{\"@type\":\"ImageObject\",\"inLanguage\":\"de\",\"@id\":\"https:\/\/torrerinalda.it\/de\/dienstleistungen\/pool\/#primaryimage\",\"url\":\"https:\/\/torrerinalda.it\/wp-content\/uploads\/2023\/09\/PISCINE-16SD-e1695141850313.jpg\",\"contentUrl\":\"https:\/\/torrerinalda.it\/wp-content\/uploads\/2023\/09\/PISCINE-16SD-e1695141850313.jpg\",\"width\":1680,\"height\":2525},{\"@type\":\"BreadcrumbList\",\"@id\":\"https:\/\/torrerinalda.it\/de\/dienstleistungen\/pool\/#breadcrumb\",\"itemListElement\":[{\"@type\":\"ListItem\",\"position\":1,\"name\":\"Home\",\"item\":\"https:\/\/torrerinalda.it\/de\/\"},{\"@type\":\"ListItem\",\"position\":2,\"name\":\"Dienstleistungen\",\"item\":\"https:\/\/torrerinalda.it\/de\/dienstleistungen\/\"},{\"@type\":\"ListItem\",\"position\":3,\"name\":\"Pool\"}]},{\"@type\":\"WebSite\",\"@id\":\"https:\/\/torrerinalda.it\/#website\",\"url\":\"https:\/\/torrerinalda.it\/\",\"name\":\"Torre Rinalda Beach Camping & Resort\",\"description\":\"\",\"publisher\":{\"@id\":\"https:\/\/torrerinalda.it\/#organization\"},\"potentialAction\":[{\"@type\":\"SearchAction\",\"target\":{\"@type\":\"EntryPoint\",\"urlTemplate\":\"https:\/\/torrerinalda.it\/?s={search_term_string}\"},\"query-input\":{\"@type\":\"PropertyValueSpecification\",\"valueRequired\":true,\"valueName\":\"search_term_string\"}}],\"inLanguage\":\"de\"},{\"@type\":\"Organization\",\"@id\":\"https:\/\/torrerinalda.it\/#organization\",\"name\":\"Torre Rinalda Beach Camping & Resort\",\"url\":\"https:\/\/torrerinalda.it\/\",\"logo\":{\"@type\":\"ImageObject\",\"inLanguage\":\"de\",\"@id\":\"https:\/\/torrerinalda.it\/#\/schema\/logo\/image\/\",\"url\":\"https:\/\/torrerinalda.it\/wp-content\/uploads\/2023\/06\/torre-rinalda.svg\",\"contentUrl\":\"https:\/\/torrerinalda.it\/wp-content\/uploads\/2023\/06\/torre-rinalda.svg\",\"caption\":\"Torre Rinalda Beach Camping & Resort\"},\"image\":{\"@id\":\"https:\/\/torrerinalda.it\/#\/schema\/logo\/image\/\"},\"sameAs\":[\"https:\/\/www.facebook.com\/TorreRinaldaCamping\",\"https:\/\/www.instagram.com\/torrerinalda\/?hl=it\"]}]}<\/script>\n<!-- \/ Yoast SEO plugin. -->","yoast_head_json":{"title":"Pool \u2022 Familienresort \u2022 Salento \u2022 Lecce &#8226; Torre Rinalda Beach Camping &amp; Resort","description":"Campingdorf am Meer im Salento, mit zwei Schwimmb\u00e4dern, darunter eines f\u00fcr Kinder, mit einem gro\u00dfen Solarium. F\u00fcr diejenigen, die sich entspannen m\u00f6chten, stehen am Pool Sonnenschirme, Pavillons und Liegen zur Verf\u00fcgung.","robots":{"index":"index","follow":"follow","max-snippet":"max-snippet:-1","max-image-preview":"max-image-preview:large","max-video-preview":"max-video-preview:-1"},"canonical":"https:\/\/torrerinalda.it\/de\/dienstleistungen\/pool\/","og_locale":"de_DE","og_type":"article","og_title":"Pool \u2022 Familienresort \u2022 Salento \u2022 Lecce &#8226; Torre Rinalda Beach Camping &amp; Resort","og_description":"Campingdorf am Meer im Salento, mit zwei Schwimmb\u00e4dern, darunter eines f\u00fcr Kinder, mit einem gro\u00dfen Solarium. F\u00fcr diejenigen, die sich entspannen m\u00f6chten, stehen am Pool Sonnenschirme, Pavillons und Liegen zur Verf\u00fcgung.","og_url":"https:\/\/torrerinalda.it\/de\/dienstleistungen\/pool\/","og_site_name":"Torre Rinalda Beach Camping &amp; Resort","article_publisher":"https:\/\/www.facebook.com\/TorreRinaldaCamping","article_modified_time":"2023-12-11T15:16:10+00:00","og_image":[{"width":681,"height":1024,"url":"https:\/\/torrerinalda.it\/wp-content\/uploads\/2023\/09\/PISCINE-16SD-681x1024.jpg","type":"image\/jpeg"}],"twitter_card":"summary_large_image","schema":{"@context":"https:\/\/schema.org","@graph":[{"@type":"WebPage","@id":"https:\/\/torrerinalda.it\/de\/dienstleistungen\/pool\/","url":"https:\/\/torrerinalda.it\/de\/dienstleistungen\/pool\/","name":"Pool \u2022 Familienresort \u2022 Salento \u2022 Lecce &#8226; Torre Rinalda Beach Camping &amp; Resort","isPartOf":{"@id":"https:\/\/torrerinalda.it\/#website"},"primaryImageOfPage":{"@id":"https:\/\/torrerinalda.it\/de\/dienstleistungen\/pool\/#primaryimage"},"image":{"@id":"https:\/\/torrerinalda.it\/de\/dienstleistungen\/pool\/#primaryimage"},"thumbnailUrl":"https:\/\/torrerinalda.it\/wp-content\/uploads\/2023\/09\/PISCINE-16SD-e1695141850313.jpg","datePublished":"2023-06-20T08:30:37+00:00","dateModified":"2023-12-11T15:16:10+00:00","description":"Campingdorf am Meer im Salento, mit zwei Schwimmb\u00e4dern, darunter eines f\u00fcr Kinder, mit einem gro\u00dfen Solarium. F\u00fcr diejenigen, die sich entspannen m\u00f6chten, stehen am Pool Sonnenschirme, Pavillons und Liegen zur Verf\u00fcgung.","breadcrumb":{"@id":"https:\/\/torrerinalda.it\/de\/dienstleistungen\/pool\/#breadcrumb"},"inLanguage":"de","potentialAction":[{"@type":"ReadAction","target":["https:\/\/torrerinalda.it\/de\/dienstleistungen\/pool\/"]}]},{"@type":"ImageObject","inLanguage":"de","@id":"https:\/\/torrerinalda.it\/de\/dienstleistungen\/pool\/#primaryimage","url":"https:\/\/torrerinalda.it\/wp-content\/uploads\/2023\/09\/PISCINE-16SD-e1695141850313.jpg","contentUrl":"https:\/\/torrerinalda.it\/wp-content\/uploads\/2023\/09\/PISCINE-16SD-e1695141850313.jpg","width":1680,"height":2525},{"@type":"BreadcrumbList","@id":"https:\/\/torrerinalda.it\/de\/dienstleistungen\/pool\/#breadcrumb","itemListElement":[{"@type":"ListItem","position":1,"name":"Home","item":"https:\/\/torrerinalda.it\/de\/"},{"@type":"ListItem","position":2,"name":"Dienstleistungen","item":"https:\/\/torrerinalda.it\/de\/dienstleistungen\/"},{"@type":"ListItem","position":3,"name":"Pool"}]},{"@type":"WebSite","@id":"https:\/\/torrerinalda.it\/#website","url":"https:\/\/torrerinalda.it\/","name":"Torre Rinalda Beach Camping & Resort","description":"","publisher":{"@id":"https:\/\/torrerinalda.it\/#organization"},"potentialAction":[{"@type":"SearchAction","target":{"@type":"EntryPoint","urlTemplate":"https:\/\/torrerinalda.it\/?s={search_term_string}"},"query-input":{"@type":"PropertyValueSpecification","valueRequired":true,"valueName":"search_term_string"}}],"inLanguage":"de"},{"@type":"Organization","@id":"https:\/\/torrerinalda.it\/#organization","name":"Torre Rinalda Beach Camping & Resort","url":"https:\/\/torrerinalda.it\/","logo":{"@type":"ImageObject","inLanguage":"de","@id":"https:\/\/torrerinalda.it\/#\/schema\/logo\/image\/","url":"https:\/\/torrerinalda.it\/wp-content\/uploads\/2023\/06\/torre-rinalda.svg","contentUrl":"https:\/\/torrerinalda.it\/wp-content\/uploads\/2023\/06\/torre-rinalda.svg","caption":"Torre Rinalda Beach Camping & Resort"},"image":{"@id":"https:\/\/torrerinalda.it\/#\/schema\/logo\/image\/"},"sameAs":["https:\/\/www.facebook.com\/TorreRinaldaCamping","https:\/\/www.instagram.com\/torrerinalda\/?hl=it"]}]}},"_links":{"self":[{"href":"https:\/\/torrerinalda.it\/de\/wp-json\/wp\/v2\/pages\/2677","targetHints":{"allow":["GET"]}}],"collection":[{"href":"https:\/\/torrerinalda.it\/de\/wp-json\/wp\/v2\/pages"}],"about":[{"href":"https:\/\/torrerinalda.it\/de\/wp-json\/wp\/v2\/types\/page"}],"author":[{"embeddable":true,"href":"https:\/\/torrerinalda.it\/de\/wp-json\/wp\/v2\/users\/1"}],"replies":[{"embeddable":true,"href":"https:\/\/torrerinalda.it\/de\/wp-json\/wp\/v2\/comments?post=2677"}],"version-history":[{"count":9,"href":"https:\/\/torrerinalda.it\/de\/wp-json\/wp\/v2\/pages\/2677\/revisions"}],"predecessor-version":[{"id":4436,"href":"https:\/\/torrerinalda.it\/de\/wp-json\/wp\/v2\/pages\/2677\/revisions\/4436"}],"up":[{"embeddable":true,"href":"https:\/\/torrerinalda.it\/de\/wp-json\/wp\/v2\/pages\/3858"}],"wp:featuredmedia":[{"embeddable":true,"href":"https:\/\/torrerinalda.it\/de\/wp-json\/wp\/v2\/media\/2309"}],"wp:attachment":[{"href":"https:\/\/torrerinalda.it\/de\/wp-json\/wp\/v2\/media?parent=2677"}],"curies":[{"name":"wp","href":"https:\/\/api.w.org\/{rel}","templated":true}]}}