{"id":1883,"date":"2023-06-15T10:35:27","date_gmt":"2023-06-15T08:35:27","guid":{"rendered":"https:\/\/torrerinalda.it\/faq\/"},"modified":"2023-10-17T17:47:07","modified_gmt":"2023-10-17T15:47:07","slug":"faq","status":"publish","type":"page","link":"https:\/\/torrerinalda.it\/de\/faq\/","title":{"rendered":"Faq"},"content":{"rendered":"<p><strong>Suchen Sie Ihre Antwort nach Kategorie:<\/strong><\/p>\n","protected":false},"excerpt":{"rendered":"<p>Suchen Sie Ihre Antwort nach Kategorie:<\/p>\n","protected":false},"author":1,"featured_media":1056,"parent":0,"menu_order":0,"comment_status":"closed","ping_status":"closed","template":"template-faq.php","meta":{"_acf_changed":false,"inline_featured_image":false,"footnotes":""},"class_list":["post-1883","page","type-page","status-publish","has-post-thumbnail","hentry"],"acf":[],"yoast_head":"<!-- This site is optimized with the Yoast SEO plugin v26.3 - https:\/\/yoast.com\/wordpress\/plugins\/seo\/ -->\n<title>Faq &#8226; Torre Rinalda Beach Camping &amp; Resort<\/title>\n<meta name=\"description\" content=\"Alle h\u00e4ufig gestellten Fragen, Torre Rinalda Beach Camping &amp; Resort in Apulien steht Ihnen f\u00fcr alle Fragen zur Verf\u00fcgung!\" \/>\n<meta name=\"robots\" content=\"index, follow, max-snippet:-1, max-image-preview:large, max-video-preview:-1\" \/>\n<link rel=\"canonical\" href=\"https:\/\/torrerinalda.it\/de\/faq\/\" \/>\n<meta property=\"og:locale\" content=\"de_DE\" \/>\n<meta property=\"og:type\" content=\"article\" \/>\n<meta property=\"og:title\" content=\"Faq &#8226; Torre Rinalda Beach Camping &amp; Resort\" \/>\n<meta property=\"og:description\" content=\"Alle h\u00e4ufig gestellten Fragen, Torre Rinalda Beach Camping &amp; Resort in Apulien steht Ihnen f\u00fcr alle Fragen zur Verf\u00fcgung!\" \/>\n<meta property=\"og:url\" content=\"https:\/\/torrerinalda.it\/de\/faq\/\" \/>\n<meta property=\"og:site_name\" content=\"Torre Rinalda Beach Camping &amp; Resort\" \/>\n<meta property=\"article:publisher\" content=\"https:\/\/www.facebook.com\/TorreRinaldaCamping\" \/>\n<meta property=\"article:modified_time\" content=\"2023-10-17T15:47:07+00:00\" \/>\n<meta property=\"og:image\" content=\"https:\/\/torrerinalda.it\/wp-content\/uploads\/2023\/07\/TR_0962-min-scaled.jpg\" \/>\n\t<meta property=\"og:image:width\" content=\"2560\" \/>\n\t<meta property=\"og:image:height\" content=\"1703\" \/>\n\t<meta property=\"og:image:type\" content=\"image\/jpeg\" \/>\n<meta name=\"twitter:card\" content=\"summary_large_image\" \/>\n<meta name=\"twitter:label1\" content=\"Gesch\u00e4tzte Lesezeit\" \/>\n\t<meta name=\"twitter:data1\" content=\"1\u00a0Minute\" \/>\n<script type=\"application\/ld+json\" class=\"yoast-schema-graph\">{\"@context\":\"https:\/\/schema.org\",\"@graph\":[{\"@type\":\"WebPage\",\"@id\":\"https:\/\/torrerinalda.it\/de\/faq\/\",\"url\":\"https:\/\/torrerinalda.it\/de\/faq\/\",\"name\":\"Faq &#8226; Torre Rinalda Beach Camping &amp; Resort\",\"isPartOf\":{\"@id\":\"https:\/\/torrerinalda.it\/#website\"},\"primaryImageOfPage\":{\"@id\":\"https:\/\/torrerinalda.it\/de\/faq\/#primaryimage\"},\"image\":{\"@id\":\"https:\/\/torrerinalda.it\/de\/faq\/#primaryimage\"},\"thumbnailUrl\":\"https:\/\/torrerinalda.it\/wp-content\/uploads\/2023\/07\/TR_0962-min-scaled.jpg\",\"datePublished\":\"2023-06-15T08:35:27+00:00\",\"dateModified\":\"2023-10-17T15:47:07+00:00\",\"description\":\"Alle h\u00e4ufig gestellten Fragen, Torre Rinalda Beach Camping & Resort in Apulien steht Ihnen f\u00fcr alle Fragen zur Verf\u00fcgung!\",\"breadcrumb\":{\"@id\":\"https:\/\/torrerinalda.it\/de\/faq\/#breadcrumb\"},\"inLanguage\":\"de\",\"potentialAction\":[{\"@type\":\"ReadAction\",\"target\":[\"https:\/\/torrerinalda.it\/de\/faq\/\"]}]},{\"@type\":\"ImageObject\",\"inLanguage\":\"de\",\"@id\":\"https:\/\/torrerinalda.it\/de\/faq\/#primaryimage\",\"url\":\"https:\/\/torrerinalda.it\/wp-content\/uploads\/2023\/07\/TR_0962-min-scaled.jpg\",\"contentUrl\":\"https:\/\/torrerinalda.it\/wp-content\/uploads\/2023\/07\/TR_0962-min-scaled.jpg\",\"width\":2560,\"height\":1703},{\"@type\":\"BreadcrumbList\",\"@id\":\"https:\/\/torrerinalda.it\/de\/faq\/#breadcrumb\",\"itemListElement\":[{\"@type\":\"ListItem\",\"position\":1,\"name\":\"Home\",\"item\":\"https:\/\/torrerinalda.it\/de\/\"},{\"@type\":\"ListItem\",\"position\":2,\"name\":\"Faq\"}]},{\"@type\":\"WebSite\",\"@id\":\"https:\/\/torrerinalda.it\/#website\",\"url\":\"https:\/\/torrerinalda.it\/\",\"name\":\"Torre Rinalda Beach Camping & Resort\",\"description\":\"\",\"publisher\":{\"@id\":\"https:\/\/torrerinalda.it\/#organization\"},\"potentialAction\":[{\"@type\":\"SearchAction\",\"target\":{\"@type\":\"EntryPoint\",\"urlTemplate\":\"https:\/\/torrerinalda.it\/?s={search_term_string}\"},\"query-input\":{\"@type\":\"PropertyValueSpecification\",\"valueRequired\":true,\"valueName\":\"search_term_string\"}}],\"inLanguage\":\"de\"},{\"@type\":\"Organization\",\"@id\":\"https:\/\/torrerinalda.it\/#organization\",\"name\":\"Torre Rinalda Beach Camping & Resort\",\"url\":\"https:\/\/torrerinalda.it\/\",\"logo\":{\"@type\":\"ImageObject\",\"inLanguage\":\"de\",\"@id\":\"https:\/\/torrerinalda.it\/#\/schema\/logo\/image\/\",\"url\":\"https:\/\/torrerinalda.it\/wp-content\/uploads\/2023\/06\/torre-rinalda.svg\",\"contentUrl\":\"https:\/\/torrerinalda.it\/wp-content\/uploads\/2023\/06\/torre-rinalda.svg\",\"caption\":\"Torre Rinalda Beach Camping & Resort\"},\"image\":{\"@id\":\"https:\/\/torrerinalda.it\/#\/schema\/logo\/image\/\"},\"sameAs\":[\"https:\/\/www.facebook.com\/TorreRinaldaCamping\",\"https:\/\/www.instagram.com\/torrerinalda\/?hl=it\"]}]}<\/script>\n<!-- \/ Yoast SEO plugin. -->","yoast_head_json":{"title":"Faq &#8226; Torre Rinalda Beach Camping &amp; Resort","description":"Alle h\u00e4ufig gestellten Fragen, Torre Rinalda Beach Camping & Resort in Apulien steht Ihnen f\u00fcr alle Fragen zur Verf\u00fcgung!","robots":{"index":"index","follow":"follow","max-snippet":"max-snippet:-1","max-image-preview":"max-image-preview:large","max-video-preview":"max-video-preview:-1"},"canonical":"https:\/\/torrerinalda.it\/de\/faq\/","og_locale":"de_DE","og_type":"article","og_title":"Faq &#8226; Torre Rinalda Beach Camping &amp; Resort","og_description":"Alle h\u00e4ufig gestellten Fragen, Torre Rinalda Beach Camping & Resort in Apulien steht Ihnen f\u00fcr alle Fragen zur Verf\u00fcgung!","og_url":"https:\/\/torrerinalda.it\/de\/faq\/","og_site_name":"Torre Rinalda Beach Camping &amp; Resort","article_publisher":"https:\/\/www.facebook.com\/TorreRinaldaCamping","article_modified_time":"2023-10-17T15:47:07+00:00","og_image":[{"width":2560,"height":1703,"url":"https:\/\/torrerinalda.it\/wp-content\/uploads\/2023\/07\/TR_0962-min-scaled.jpg","type":"image\/jpeg"}],"twitter_card":"summary_large_image","twitter_misc":{"Gesch\u00e4tzte Lesezeit":"1\u00a0Minute"},"schema":{"@context":"https:\/\/schema.org","@graph":[{"@type":"WebPage","@id":"https:\/\/torrerinalda.it\/de\/faq\/","url":"https:\/\/torrerinalda.it\/de\/faq\/","name":"Faq &#8226; Torre Rinalda Beach Camping &amp; Resort","isPartOf":{"@id":"https:\/\/torrerinalda.it\/#website"},"primaryImageOfPage":{"@id":"https:\/\/torrerinalda.it\/de\/faq\/#primaryimage"},"image":{"@id":"https:\/\/torrerinalda.it\/de\/faq\/#primaryimage"},"thumbnailUrl":"https:\/\/torrerinalda.it\/wp-content\/uploads\/2023\/07\/TR_0962-min-scaled.jpg","datePublished":"2023-06-15T08:35:27+00:00","dateModified":"2023-10-17T15:47:07+00:00","description":"Alle h\u00e4ufig gestellten Fragen, Torre Rinalda Beach Camping & Resort in Apulien steht Ihnen f\u00fcr alle Fragen zur Verf\u00fcgung!","breadcrumb":{"@id":"https:\/\/torrerinalda.it\/de\/faq\/#breadcrumb"},"inLanguage":"de","potentialAction":[{"@type":"ReadAction","target":["https:\/\/torrerinalda.it\/de\/faq\/"]}]},{"@type":"ImageObject","inLanguage":"de","@id":"https:\/\/torrerinalda.it\/de\/faq\/#primaryimage","url":"https:\/\/torrerinalda.it\/wp-content\/uploads\/2023\/07\/TR_0962-min-scaled.jpg","contentUrl":"https:\/\/torrerinalda.it\/wp-content\/uploads\/2023\/07\/TR_0962-min-scaled.jpg","width":2560,"height":1703},{"@type":"BreadcrumbList","@id":"https:\/\/torrerinalda.it\/de\/faq\/#breadcrumb","itemListElement":[{"@type":"ListItem","position":1,"name":"Home","item":"https:\/\/torrerinalda.it\/de\/"},{"@type":"ListItem","position":2,"name":"Faq"}]},{"@type":"WebSite","@id":"https:\/\/torrerinalda.it\/#website","url":"https:\/\/torrerinalda.it\/","name":"Torre Rinalda Beach Camping & Resort","description":"","publisher":{"@id":"https:\/\/torrerinalda.it\/#organization"},"potentialAction":[{"@type":"SearchAction","target":{"@type":"EntryPoint","urlTemplate":"https:\/\/torrerinalda.it\/?s={search_term_string}"},"query-input":{"@type":"PropertyValueSpecification","valueRequired":true,"valueName":"search_term_string"}}],"inLanguage":"de"},{"@type":"Organization","@id":"https:\/\/torrerinalda.it\/#organization","name":"Torre Rinalda Beach Camping & Resort","url":"https:\/\/torrerinalda.it\/","logo":{"@type":"ImageObject","inLanguage":"de","@id":"https:\/\/torrerinalda.it\/#\/schema\/logo\/image\/","url":"https:\/\/torrerinalda.it\/wp-content\/uploads\/2023\/06\/torre-rinalda.svg","contentUrl":"https:\/\/torrerinalda.it\/wp-content\/uploads\/2023\/06\/torre-rinalda.svg","caption":"Torre Rinalda Beach Camping & Resort"},"image":{"@id":"https:\/\/torrerinalda.it\/#\/schema\/logo\/image\/"},"sameAs":["https:\/\/www.facebook.com\/TorreRinaldaCamping","https:\/\/www.instagram.com\/torrerinalda\/?hl=it"]}]}},"_links":{"self":[{"href":"https:\/\/torrerinalda.it\/de\/wp-json\/wp\/v2\/pages\/1883","targetHints":{"allow":["GET"]}}],"collection":[{"href":"https:\/\/torrerinalda.it\/de\/wp-json\/wp\/v2\/pages"}],"about":[{"href":"https:\/\/torrerinalda.it\/de\/wp-json\/wp\/v2\/types\/page"}],"author":[{"embeddable":true,"href":"https:\/\/torrerinalda.it\/de\/wp-json\/wp\/v2\/users\/1"}],"replies":[{"embeddable":true,"href":"https:\/\/torrerinalda.it\/de\/wp-json\/wp\/v2\/comments?post=1883"}],"version-history":[{"count":2,"href":"https:\/\/torrerinalda.it\/de\/wp-json\/wp\/v2\/pages\/1883\/revisions"}],"predecessor-version":[{"id":3773,"href":"https:\/\/torrerinalda.it\/de\/wp-json\/wp\/v2\/pages\/1883\/revisions\/3773"}],"wp:featuredmedia":[{"embeddable":true,"href":"https:\/\/torrerinalda.it\/de\/wp-json\/wp\/v2\/media\/1056"}],"wp:attachment":[{"href":"https:\/\/torrerinalda.it\/de\/wp-json\/wp\/v2\/media?parent=1883"}],"curies":[{"name":"wp","href":"https:\/\/api.w.org\/{rel}","templated":true}]}}